{"id":23,"date":"2025-11-26T18:30:13","date_gmt":"2025-11-26T18:30:13","guid":{"rendered":"https:\/\/hservicespro.fr\/?page_id=23"},"modified":"2025-11-29T00:19:22","modified_gmt":"2025-11-29T00:19:22","slug":"nettoyage-canape-textile","status":"publish","type":"page","link":"https:\/\/hservicespro.fr\/?page_id=23","title":{"rendered":"Nettoyage canap\u00e9 &amp; textile"},"content":{"rendered":"<p>[et_pb_section fb_built=&#8221;1&#8243; _builder_version=&#8221;4.9.1&#8243; _module_preset=&#8221;default&#8221; background_image=&#8221;http:\/\/hservicespro.fr\/wp-content\/uploads\/2025\/11\/canape-en-tissu-modene-et-un-tapis-329270.jpg&#8221; hover_enabled=&#8221;0&#8243; custom_margin=&#8221;150px||||false|false&#8221; sticky_enabled=&#8221;0&#8243;][et_pb_row _builder_version=&#8221;4.9.1&#8243; _module_preset=&#8221;default&#8221; custom_padding=&#8221;0px|||||&#8221;][et_pb_column type=&#8221;4_4&#8243; _builder_version=&#8221;4.9.1&#8243; _module_preset=&#8221;default&#8221;][et_pb_image src=&#8221;http:\/\/hservicespro.fr\/wp-content\/uploads\/2025\/11\/logo-h-services-compressed.jpeg&#8221; title_text=&#8221;logo h services compressed&#8221; _builder_version=&#8221;4.9.1&#8243; _module_preset=&#8221;default&#8221; width=&#8221;40%&#8221; module_alignment=&#8221;center&#8221; custom_margin=&#8221;||10px|||&#8221; animation_style=&#8221;roll&#8221; border_radii=&#8221;on|42px|42px|42px|42px&#8221;][\/et_pb_image][dsm_animated_gradient_text animated_gradient_text=&#8221;nettoyage canap\u00e9 et textile&#8221; gradient_one_color=&#8221;#0C71C3&#8243; gradient_two_color=&#8221;#0C71C3&#8243; gradient_three_color=&#8221;#FFFFFF&#8221; _builder_version=&#8221;4.9.1&#8243; _module_preset=&#8221;default&#8221; header_font=&#8221;Alfa Slab One|||on|||||&#8221; header_text_align=&#8221;center&#8221; background_color=&#8221;RGBA(0,0,0,0)&#8221; custom_margin=&#8221;-6px||||false|false&#8221; animation_style=&#8221;fold&#8221; border_radii=&#8221;on|8px|8px|8px|8px&#8221;][\/dsm_animated_gradient_text][et_pb_button button_text=&#8221;nous contacter&#8221; button_alignment=&#8221;center&#8221; _builder_version=&#8221;4.9.1&#8243; _module_preset=&#8221;default&#8221; custom_button=&#8221;on&#8221; button_text_size=&#8221;17px&#8221; button_text_color=&#8221;#FFFFFF&#8221; button_bg_color=&#8221;#E09900&#8243; button_border_width=&#8221;3px&#8221; button_border_radius=&#8221;73px&#8221; button_font=&#8221;|||on|||||&#8221; custom_margin=&#8221;-32px|||||&#8221; animation_style=&#8221;fade&#8221;][\/et_pb_button][\/et_pb_column][\/et_pb_row][\/et_pb_section][et_pb_section fb_built=&#8221;1&#8243; _builder_version=&#8221;4.9.1&#8243; _module_preset=&#8221;default&#8221; background_image=&#8221;http:\/\/hservicespro.fr\/wp-content\/uploads\/2025\/11\/siege-bmw-M.jpg&#8221; custom_margin=&#8221;-131px|||||&#8221; top_divider_style=&#8221;ramp2&#8243; top_divider_color=&#8221;#000000&#8243;][et_pb_row _builder_version=&#8221;4.9.1&#8243; _module_preset=&#8221;default&#8221;][et_pb_column type=&#8221;4_4&#8243; _builder_version=&#8221;4.9.1&#8243; _module_preset=&#8221;default&#8221;][et_pb_image src=&#8221;http:\/\/hservicespro.fr\/wp-content\/uploads\/2025\/11\/un-tapis-moderne-en-gros-plan-avec-les-main-d-un-enfant-qui-joue-329270.jpg&#8221; title_text=&#8221;un tapis moderne en gros plan avec les main d un enfant qui joue 329270&#8243; align=&#8221;center&#8221; _builder_version=&#8221;4.9.1&#8243; _module_preset=&#8221;default&#8221; animation_style=&#8221;slide&#8221; animation_direction=&#8221;right&#8221; border_radii=&#8221;on|18px|18px|18px|18px&#8221;][\/et_pb_image][et_pb_text _builder_version=&#8221;4.9.1&#8243; _module_preset=&#8221;default&#8221; text_font=&#8221;Alfa Slab One|||on|||||&#8221; text_text_color=&#8221;#FFFFFF&#8221; text_font_size=&#8221;18px&#8221; text_orientation=&#8221;center&#8221; animation_style=&#8221;slide&#8221; text_text_shadow_style=&#8221;preset5&#8243;]<\/p>\n<p><span dir=\"auto\" style=\"vertical-align: inherit;\"><span dir=\"auto\" style=\"vertical-align: inherit;\">Nettoyage de canap\u00e9s et textiles \u00e0 domicile<\/span><\/span><\/p>\n<p>[\/et_pb_text][et_pb_text _builder_version=&#8221;4.9.1&#8243; _module_preset=&#8221;default&#8221; text_font=&#8221;Amiko||||||||&#8221; text_text_color=&#8221;#FFFFFF&#8221; text_font_size=&#8221;20px&#8221; header_font=&#8221;Alfa Slab One|||on|||||&#8221; header_text_align=&#8221;left&#8221; header_text_color=&#8221;#E09900&#8243; header_font_size=&#8221;22px&#8221; animation_style=&#8221;slide&#8221;]<\/p>\n<h1 data-start=\"285\" data-end=\"387\"><strong data-start=\"287\" data-end=\"387\"><span dir=\"auto\" style=\"vertical-align: inherit;\"><span dir=\"auto\" style=\"vertical-align: inherit;\"><span dir=\"auto\" style=\"vertical-align: inherit;\"><span dir=\"auto\" style=\"vertical-align: inherit;\"><span dir=\"auto\" style=\"vertical-align: inherit;\"><span dir=\"auto\" style=\"vertical-align: inherit;\">Service H \u2013<\/span><\/span><\/span><\/span><\/span><\/span><\/strong><\/h1>\n<h1 data-start=\"285\" data-end=\"387\"><strong data-start=\"287\" data-end=\"387\"><span dir=\"auto\" style=\"vertical-align: inherit;\"><span dir=\"auto\" style=\"vertical-align: inherit;\"><span dir=\"auto\" style=\"vertical-align: inherit;\"><span dir=\"auto\" style=\"vertical-align: inherit;\"><span dir=\"auto\" style=\"vertical-align: inherit;\"><span dir=\"auto\" style=\"vertical-align: inherit;\">Nettoyage de Canap\u00e9s et Textiles \u00e0 Vaux-le-P\u00e9nil |\u00a0<\/span><\/span><\/span><\/span><\/span><\/span><\/strong><\/h1>\n<p data-start=\"717\" data-end=\"918\">Chez <strong data-start=\"305\" data-end=\"318\">H Service<\/strong>, nous mettons notre expertise du nettoyage professionnel au service de vos <strong data-start=\"394\" data-end=\"405\">canap\u00e9s<\/strong>, <strong data-start=\"407\" data-end=\"420\">fauteuils<\/strong>, <strong data-start=\"422\" data-end=\"435\">moquettes<\/strong>, <strong data-start=\"437\" data-end=\"446\">tapis<\/strong>, <strong data-start=\"448\" data-end=\"459\">matelas<\/strong> et toutes surfaces textiles.<br data-start=\"488\" data-end=\"491\" \/>Situ\u00e9s \u00e0 <strong data-start=\"500\" data-end=\"522\">Vaux-le-P\u00e9nil (77)<\/strong>, nous intervenons aupr\u00e8s des particuliers et professionnels dans toute la r\u00e9gion de Melun pour redonner propret\u00e9, fra\u00eecheur et hygi\u00e8ne \u00e0 vos textiles.<\/p>\n<p>[\/et_pb_text][\/et_pb_column][\/et_pb_row][\/et_pb_section][et_pb_section fb_built=&#8221;1&#8243; _builder_version=&#8221;4.9.1&#8243; _module_preset=&#8221;default&#8221; background_image=&#8221;http:\/\/hservicespro.fr\/wp-content\/uploads\/2025\/11\/un-siege-en-gros-plan-comme-fond-d-ecran-de-voiture-moderne-francaise-dans-atelier-329270.jpg&#8221; custom_margin=&#8221;-131px|||||&#8221; top_divider_style=&#8221;ramp2&#8243; top_divider_color=&#8221;#000000&#8243;][et_pb_row _builder_version=&#8221;4.9.1&#8243; _module_preset=&#8221;default&#8221;][et_pb_column type=&#8221;4_4&#8243; _builder_version=&#8221;4.9.1&#8243; _module_preset=&#8221;default&#8221;][et_pb_image src=&#8221;http:\/\/hservicespro.fr\/wp-content\/uploads\/2025\/11\/un-tapis-2-moderne-en-gros-plan-avec-les-main-d-un-enfant-qui-joue-329270.jpg&#8221; title_text=&#8221;un tapis 2 moderne en gros plan avec les main d un enfant qui joue 329270&#8243; align=&#8221;center&#8221; _builder_version=&#8221;4.9.1&#8243; _module_preset=&#8221;default&#8221; animation_style=&#8221;slide&#8221; animation_direction=&#8221;right&#8221; border_radii=&#8221;on|18px|18px|18px|18px&#8221;][\/et_pb_image][et_pb_text _builder_version=&#8221;4.9.1&#8243; _module_preset=&#8221;default&#8221; text_font=&#8221;Alfa Slab One|||on|||||&#8221; text_text_color=&#8221;#FFFFFF&#8221; text_font_size=&#8221;18px&#8221; text_orientation=&#8221;center&#8221; animation_style=&#8221;slide&#8221; text_text_shadow_style=&#8221;preset5&#8243;]<\/p>\n<p>N\u00e9ttoyage de canap\u00e9s et textiles<\/p>\n<p>[\/et_pb_text][et_pb_text _builder_version=&#8221;4.9.1&#8243; _module_preset=&#8221;default&#8221; text_font=&#8221;Alfa Slab One||||||||&#8221; text_text_color=&#8221;#FFFFFF&#8221; text_font_size=&#8221;20px&#8221; header_font=&#8221;Alfa Slab One|||on|||||&#8221; header_text_align=&#8221;left&#8221; header_text_color=&#8221;#E09900&#8243; header_font_size=&#8221;22px&#8221; header_2_text_color=&#8221;#FFFFFF&#8221; header_3_text_color=&#8221;#FFFFFF&#8221; text_orientation=&#8221;center&#8221; animation_style=&#8221;slide&#8221;]<\/p>\n<h2><\/h2>\n<h2 data-start=\"895\" data-end=\"938\"><strong data-start=\"898\" data-end=\"938\"><span dir=\"auto\" style=\"vertical-align: inherit;\"><span dir=\"auto\" style=\"vertical-align: inherit;\">Nos prestations de nettoyage textile<\/span><\/span><\/strong><\/h2>\n<h3 data-start=\"940\" data-end=\"978\"><span dir=\"auto\" style=\"vertical-align: inherit;\"><span dir=\"auto\" style=\"vertical-align: inherit;\">\u2714 <\/span><\/span><strong data-start=\"946\" data-end=\"978\"><span dir=\"auto\" style=\"vertical-align: inherit;\"><span dir=\"auto\" style=\"vertical-align: inherit;\">Nettoyage de canap\u00e9 en tissu<\/span><\/span><\/strong><\/h3>\n<ul data-start=\"979\" data-end=\"1180\">\n<li data-start=\"979\" data-end=\"1000\">\n<p data-start=\"981\" data-end=\"1000\"><span dir=\"auto\" style=\"vertical-align: inherit;\"><span dir=\"auto\" style=\"vertical-align: inherit;\">D\u00e9tachement complet<\/span><\/span><\/p>\n<\/li>\n<li data-start=\"1001\" data-end=\"1031\">\n<p data-start=\"1003\" data-end=\"1031\"><span dir=\"auto\" style=\"vertical-align: inherit;\"><span dir=\"auto\" style=\"vertical-align: inherit;\">D\u00e9sinfection en profondeur<\/span><\/span><\/p>\n<\/li>\n<li data-start=\"1032\" data-end=\"1086\">\n<p data-start=\"1034\" data-end=\"1086\"><span dir=\"auto\" style=\"vertical-align: inherit;\"><span dir=\"auto\" style=\"vertical-align: inherit;\">Suppression des odeurs (animaux, humidit\u00e9, tabac\u2026)<\/span><\/span><\/p>\n<\/li>\n<li data-start=\"1087\" data-end=\"1105\">\n<p data-start=\"1089\" data-end=\"1105\"><span dir=\"auto\" style=\"vertical-align: inherit;\"><span dir=\"auto\" style=\"vertical-align: inherit;\">S\u00e9chage rapide<\/span><\/span><\/p>\n<\/li>\n<li data-start=\"1106\" data-end=\"1180\">\n<p data-start=\"1108\" data-end=\"1180\"><span dir=\"auto\" style=\"vertical-align: inherit;\"><span dir=\"auto\" style=\"vertical-align: inherit;\">Adapt\u00e9 \u00e0 tous types de tissus (microfibre, velours, coton, synth\u00e9tique\u2026)<\/span><\/span><\/p>\n<\/li>\n<\/ul>\n<p>[\/et_pb_text][\/et_pb_column][\/et_pb_row][\/et_pb_section][et_pb_section fb_built=&#8221;1&#8243; prev_background_color=&#8221;#ffffff&#8221; _builder_version=&#8221;4.9.1&#8243; _module_preset=&#8221;default&#8221; background_color=&#8221;#0C71C3&#8243; top_divider_style=&#8221;ramp2&#8243;][et_pb_row _builder_version=&#8221;4.9.1&#8243; _module_preset=&#8221;default&#8221;][et_pb_column type=&#8221;4_4&#8243; _builder_version=&#8221;4.9.1&#8243; _module_preset=&#8221;default&#8221;][et_pb_image src=&#8221;http:\/\/hservicespro.fr\/wp-content\/uploads\/2025\/11\/un-salon-2en-gros-plan-zoom-maccro-329270.jpg&#8221; title_text=&#8221;un salon 2en gros plan zoom maccro 329270&#8243; _builder_version=&#8221;4.9.1&#8243; _module_preset=&#8221;default&#8221; animation_style=&#8221;slide&#8221; border_radii=&#8221;on|6px|6px|6px|6px&#8221;][\/et_pb_image][\/et_pb_column][\/et_pb_row][et_pb_row _builder_version=&#8221;4.9.1&#8243; _module_preset=&#8221;default&#8221;][et_pb_column type=&#8221;4_4&#8243; _builder_version=&#8221;4.9.1&#8243; _module_preset=&#8221;default&#8221;][et_pb_text _builder_version=&#8221;4.9.1&#8243; _module_preset=&#8221;default&#8221; text_font=&#8221;Alfa Slab One||||||||&#8221; text_text_color=&#8221;#FFFFFF&#8221; text_font_size=&#8221;20px&#8221; header_font=&#8221;Alfa Slab One|||on|||||&#8221; header_text_align=&#8221;left&#8221; header_text_color=&#8221;#FFFFFF&#8221; header_font_size=&#8221;22px&#8221; header_2_text_color=&#8221;#FFFFFF&#8221; animation_style=&#8221;slide&#8221;]<\/p>\n<h2>Nous nettoyons aussi tous types de textiles (moquettes, canap\u00e9s, tapis\u2026)<\/h2>\n<p data-start=\"1463\" data-end=\"1646\"><span dir=\"auto\" style=\"vertical-align: inherit;\"><span dir=\"auto\" style=\"vertical-align: inherit;\">En compl\u00e9ment de notre activit\u00e9 de <\/span><\/span><strong data-start=\"1498\" data-end=\"1524\"><span dir=\"auto\" style=\"vertical-align: inherit;\"><span dir=\"auto\" style=\"vertical-align: inherit;\">nettoyage de v\u00e9hicules<\/span><\/span><\/strong><span dir=\"auto\" style=\"vertical-align: inherit;\"><span dir=\"auto\" style=\"vertical-align: inherit;\"> , H Service propose un service sp\u00e9cialis\u00e9 dans le <\/span><\/span><strong data-start=\"1574\" data-end=\"1620\"><span dir=\"auto\" style=\"vertical-align: inherit;\"><span dir=\"auto\" style=\"vertical-align: inherit;\">nettoyage de textiles et surfaces textiles<\/span><\/span><\/strong><span dir=\"auto\" style=\"vertical-align: inherit;\"><span dir=\"auto\" style=\"vertical-align: inherit;\"> , \u00e0 domicile ou sur site :<\/span><\/span><\/p>\n<ul data-start=\"1648\" data-end=\"1791\">\n<li data-start=\"1648\" data-end=\"1672\">\n<p data-start=\"1650\" data-end=\"1672\"><strong data-start=\"1650\" data-end=\"1670\"><span dir=\"auto\" style=\"vertical-align: inherit;\"><span dir=\"auto\" style=\"vertical-align: inherit;\">Canap\u00e9s en tissu<\/span><\/span><\/strong><\/p>\n<\/li>\n<li data-start=\"1673\" data-end=\"1690\">\n<p data-start=\"1675\" data-end=\"1690\"><strong data-start=\"1675\" data-end=\"1688\"><span dir=\"auto\" style=\"vertical-align: inherit;\"><span dir=\"auto\" style=\"vertical-align: inherit;\">Fauteuils<\/span><\/span><\/strong><\/p>\n<\/li>\n<li data-start=\"1691\" data-end=\"1708\">\n<p data-start=\"1693\" data-end=\"1708\"><strong data-start=\"1693\" data-end=\"1706\"><span dir=\"auto\" style=\"vertical-align: inherit;\"><span dir=\"auto\" style=\"vertical-align: inherit;\">Moquettes<\/span><\/span><\/strong><\/p>\n<\/li>\n<li data-start=\"1709\" data-end=\"1722\">\n<p data-start=\"1711\" data-end=\"1722\"><strong data-start=\"1711\" data-end=\"1720\"><span dir=\"auto\" style=\"vertical-align: inherit;\"><span dir=\"auto\" style=\"vertical-align: inherit;\">Tapis<\/span><\/span><\/strong><\/p>\n<\/li>\n<li data-start=\"1723\" data-end=\"1754\">\n<p data-start=\"1725\" data-end=\"1754\"><span dir=\"auto\" style=\"vertical-align: inherit;\"><span dir=\"auto\" style=\"vertical-align: inherit;\">Chaises et assises en tissu<\/span><\/span><\/p>\n<\/li>\n<li data-start=\"1755\" data-end=\"1791\">\n<p data-start=\"1757\" data-end=\"1791\"><span dir=\"auto\" style=\"vertical-align: inherit;\"><span dir=\"auto\" style=\"vertical-align: inherit;\">T\u00eates de lit, matelas, banquettes\u2026<\/span><\/span><\/p>\n<\/li>\n<\/ul>\n<p data-start=\"1793\" data-end=\"1969\"><span dir=\"auto\" style=\"vertical-align: inherit;\"><span dir=\"auto\" style=\"vertical-align: inherit;\">Gr\u00e2ce \u00e0 nos machines d&#8217;injection-extraction professionnelles, nous \u00e9liminons les taches, acariens, poussi\u00e8res, odeurs et salet\u00e9s incrust\u00e9es, pour un r\u00e9sultat visible imm\u00e9diatement.<\/span><\/span><\/p>\n<p>[\/et_pb_text][et_pb_image src=&#8221;http:\/\/hservicespro.fr\/wp-content\/uploads\/2025\/11\/2un-salon-moderne-en-gros-plan-zoom-maccro-329270.jpg&#8221; title_text=&#8221;2un salon moderne en gros plan zoom maccro 329270&#8243; _builder_version=&#8221;4.9.1&#8243; _module_preset=&#8221;default&#8221; animation_style=&#8221;slide&#8221; border_radii=&#8221;on|6px|6px|6px|6px&#8221;][\/et_pb_image][et_pb_text _builder_version=&#8221;4.9.1&#8243; _module_preset=&#8221;default&#8221; text_font=&#8221;Alfa Slab One||||||||&#8221; text_text_color=&#8221;#FFFFFF&#8221; text_font_size=&#8221;20px&#8221; header_font=&#8221;Alfa Slab One|||on|||||&#8221; header_text_align=&#8221;left&#8221; header_text_color=&#8221;#FFFFFF&#8221; header_font_size=&#8221;22px&#8221; header_2_text_color=&#8221;#FFFFFF&#8221; header_3_text_color=&#8221;#FFFFFF&#8221; animation_style=&#8221;slide&#8221;]<\/p>\n<h3 data-start=\"1327\" data-end=\"1368\"><strong data-start=\"1333\" data-end=\"1368\">Nettoyage de moquettes et tapis<\/strong><\/h3>\n<ul data-start=\"1369\" data-end=\"1504\">\n<li data-start=\"1369\" data-end=\"1395\">\n<p data-start=\"1371\" data-end=\"1395\">Traitement anti-taches<\/p>\n<\/li>\n<li data-start=\"1396\" data-end=\"1425\">\n<p data-start=\"1398\" data-end=\"1425\">R\u00e9cup\u00e9ration des couleurs<\/p>\n<\/li>\n<li data-start=\"1426\" data-end=\"1463\">\n<p data-start=\"1428\" data-end=\"1463\">Extraction de la salet\u00e9 incrust\u00e9e<\/p>\n<\/li>\n<li data-start=\"1464\" data-end=\"1504\">\n<p data-start=\"1466\" data-end=\"1504\">\u00c9limination des acariens et allerg\u00e8nes<\/p>\n<\/li>\n<\/ul>\n<p>[\/et_pb_text][et_pb_image src=&#8221;http:\/\/hservicespro.fr\/wp-content\/uploads\/2025\/11\/un-tapis-moderne-en-gros-plan-zoom-maccro-329270.jpg&#8221; title_text=&#8221;un tapis moderne en gros plan zoom maccro 329270&#8243; _builder_version=&#8221;4.9.1&#8243; _module_preset=&#8221;default&#8221; animation_style=&#8221;slide&#8221; border_radii=&#8221;on|12px|12px|12px|12px&#8221;][\/et_pb_image][\/et_pb_column][\/et_pb_row][\/et_pb_section][et_pb_section fb_built=&#8221;1&#8243; prev_background_color=&#8221;#0C71C3&#8243; _builder_version=&#8221;4.9.1&#8243; _module_preset=&#8221;default&#8221; background_color=&#8221;#E09900&#8243; top_divider_style=&#8221;ramp2&#8243;][et_pb_row _builder_version=&#8221;4.9.1&#8243; _module_preset=&#8221;default&#8221;][et_pb_column type=&#8221;4_4&#8243; _builder_version=&#8221;4.9.1&#8243; _module_preset=&#8221;default&#8221;][et_pb_text _builder_version=&#8221;4.9.1&#8243; _module_preset=&#8221;default&#8221; text_font=&#8221;Alfa Slab One||||||||&#8221; text_text_color=&#8221;#FFFFFF&#8221; text_font_size=&#8221;20px&#8221; header_font=&#8221;Alfa Slab One|||on|||||&#8221; header_text_align=&#8221;left&#8221; header_text_color=&#8221;#FFFFFF&#8221; header_font_size=&#8221;22px&#8221; header_2_text_color=&#8221;#FFFFFF&#8221; animation_style=&#8221;slide&#8221;]<\/p>\n<p data-start=\"1793\" data-end=\"1969\">\n<h2 data-start=\"2154\" data-end=\"2205\"><strong data-start=\"2157\" data-end=\"2205\">Pourquoi choisir <\/strong><\/h2>\n<h2 data-start=\"2154\" data-end=\"2205\"><strong data-start=\"2157\" data-end=\"2205\">H Service \u00e0 Vaux-le-P\u00e9nil ?<\/strong><\/h2>\n<ul data-start=\"2207\" data-end=\"2546\">\n<li data-start=\"2207\" data-end=\"2262\">\n<p data-start=\"2209\" data-end=\"2262\">Entreprise locale bas\u00e9e \u00e0 <strong data-start=\"2235\" data-end=\"2260\">Vaux-le-P\u00e9nil (77000)<\/strong><\/p>\n<\/li>\n<li data-start=\"2263\" data-end=\"2391\">\n<p data-start=\"2265\" data-end=\"2391\">Interventions rapides dans toute la zone melunaise<br data-start=\"2315\" data-end=\"2318\" \/>(Melun, Le M\u00e9e-sur-Seine, Dammarie-les-Lys, Maincy, Livry-sur-Seine\u2026)<\/p>\n<\/li>\n<li data-start=\"2392\" data-end=\"2457\">\n<p data-start=\"2394\" data-end=\"2457\">Prestations professionnelles, produits adapt\u00e9s et respectueux<\/p>\n<\/li>\n<li data-start=\"2458\" data-end=\"2514\">\n<p data-start=\"2460\" data-end=\"2514\">Service flexible pour particuliers et professionnels<\/p>\n<\/li>\n<li data-start=\"2515\" data-end=\"2546\">\n<p data-start=\"2517\" data-end=\"2546\">Devis rapide et transparent<\/p>\n<\/li>\n<\/ul>\n<p>[\/et_pb_text][\/et_pb_column][\/et_pb_row][\/et_pb_section]<\/p>\n","protected":false},"excerpt":{"rendered":"<p>[et_pb_section fb_built=&#8221;1&#8243; _builder_version=&#8221;4.9.1&#8243; _module_preset=&#8221;default&#8221; background_image=&#8221;http:\/\/hservicespro.fr\/wp-content\/uploads\/2025\/11\/canape-en-tissu-modene-et-un-tapis-329270.jpg&#8221; hover_enabled=&#8221;0&#8243; custom_margin=&#8221;150px||||false|false&#8221; sticky_enabled=&#8221;0&#8243;][et_pb_row _builder_version=&#8221;4.9.1&#8243; _module_preset=&#8221;default&#8221; custom_padding=&#8221;0px|||||&#8221;][et_pb_column type=&#8221;4_4&#8243; _builder_version=&#8221;4.9.1&#8243; _module_preset=&#8221;default&#8221;][et_pb_image src=&#8221;http:\/\/hservicespro.fr\/wp-content\/uploads\/2025\/11\/logo-h-services-compressed.jpeg&#8221; title_text=&#8221;logo h services compressed&#8221; _builder_version=&#8221;4.9.1&#8243; _module_preset=&#8221;default&#8221; width=&#8221;40%&#8221; module_alignment=&#8221;center&#8221; custom_margin=&#8221;||10px|||&#8221; animation_style=&#8221;roll&#8221; border_radii=&#8221;on|42px|42px|42px|42px&#8221;][\/et_pb_image][dsm_animated_gradient_text animated_gradient_text=&#8221;nettoyage canap\u00e9 et textile&#8221; gradient_one_color=&#8221;#0C71C3&#8243; gradient_two_color=&#8221;#0C71C3&#8243; gradient_three_color=&#8221;#FFFFFF&#8221; _builder_version=&#8221;4.9.1&#8243; _module_preset=&#8221;default&#8221; header_font=&#8221;Alfa Slab One|||on|||||&#8221; header_text_align=&#8221;center&#8221; background_color=&#8221;RGBA(0,0,0,0)&#8221; custom_margin=&#8221;-6px||||false|false&#8221; animation_style=&#8221;fold&#8221; border_radii=&#8221;on|8px|8px|8px|8px&#8221;][\/dsm_animated_gradient_text][et_pb_button button_text=&#8221;nous contacter&#8221; button_alignment=&#8221;center&#8221; _builder_version=&#8221;4.9.1&#8243; _module_preset=&#8221;default&#8221; custom_button=&#8221;on&#8221; button_text_size=&#8221;17px&#8221; button_text_color=&#8221;#FFFFFF&#8221; button_bg_color=&#8221;#E09900&#8243; button_border_width=&#8221;3px&#8221; button_border_radius=&#8221;73px&#8221; button_font=&#8221;|||on|||||&#8221; [&hellip;]<\/p>\n","protected":false},"author":1,"featured_media":0,"parent":0,"menu_order":0,"comment_status":"closed","ping_status":"closed","template":"","meta":{"_et_pb_use_builder":"on","_et_pb_old_content":"","_et_gb_content_width":"","footnotes":""},"class_list":["post-23","page","type-page","status-publish","hentry"],"_links":{"self":[{"href":"https:\/\/hservicespro.fr\/index.php?rest_route=\/wp\/v2\/pages\/23","targetHints":{"allow":["GET"]}}],"collection":[{"href":"https:\/\/hservicespro.fr\/index.php?rest_route=\/wp\/v2\/pages"}],"about":[{"href":"https:\/\/hservicespro.fr\/index.php?rest_route=\/wp\/v2\/types\/page"}],"author":[{"embeddable":true,"href":"https:\/\/hservicespro.fr\/index.php?rest_route=\/wp\/v2\/users\/1"}],"replies":[{"embeddable":true,"href":"https:\/\/hservicespro.fr\/index.php?rest_route=%2Fwp%2Fv2%2Fcomments&post=23"}],"version-history":[{"count":10,"href":"https:\/\/hservicespro.fr\/index.php?rest_route=\/wp\/v2\/pages\/23\/revisions"}],"predecessor-version":[{"id":238,"href":"https:\/\/hservicespro.fr\/index.php?rest_route=\/wp\/v2\/pages\/23\/revisions\/238"}],"wp:attachment":[{"href":"https:\/\/hservicespro.fr\/index.php?rest_route=%2Fwp%2Fv2%2Fmedia&parent=23"}],"curies":[{"name":"wp","href":"https:\/\/api.w.org\/{rel}","templated":true}]}}